{"id":1313,"date":"2025-01-28T09:31:23","date_gmt":"2025-01-28T07:31:23","guid":{"rendered":"https:\/\/teamassetplanner.com\/beispielseite\/"},"modified":"2026-04-03T16:08:27","modified_gmt":"2026-04-03T14:08:27","slug":"beispielseite","status":"publish","type":"page","link":"https:\/\/teamassetplanner.com\/de\/beispielseite\/","title":{"rendered":"Beispielseite"},"content":{"rendered":"\n<p>Dies ist eine Beispielseite. Sie unterscheidet sich von einem Blogbeitrag, da sie an einem festen Ort bleibt und (in den meisten Themes) in Ihrer Website-Navigation erscheint. Die meisten Menschen beginnen mit einer \u201e\u00dcber uns\u201c-Seite, die sie potenziellen Website-Besuchern vorstellt. Dort k\u00f6nnte etwa Folgendes stehen:<\/p>\n\n<blockquote class=\"wp-block-quote is-layout-flow wp-block-quote-is-layout-flow\"><p>Hallo! Ich bin tags\u00fcber Fahrradkurier und abends Nachwuchsschauspieler, und dies ist meine Website. Ich lebe in Los Angeles, habe einen tollen Hund namens Jack und ich liebe Pi\u00f1a Coladas. (Und vom Regen \u00fcberrascht zu werden.)<\/p><\/blockquote>\n\n<p>&#8230;oder so etwas wie dies:<\/p>\n\n<blockquote class=\"wp-block-quote is-layout-flow wp-block-quote-is-layout-flow\"><p>Die XYZ Doohickey Company wurde 1971 gegr\u00fcndet und liefert seither hochwertige Doohickeys an die \u00d6ffentlichkeit. Mit Sitz in Gotham City besch\u00e4ftigt XYZ mehr als 2.000 Mitarbeiter und engagiert sich auf vielf\u00e4ltige Weise f\u00fcr die Gemeinschaft in Gotham.<\/p><\/blockquote>\n\n<p>Als neuer WordPress-Benutzer k\u00f6nnen Sie zu <a href=\"https:\/\/teamassetplanner.com\/wp-admin\/\">Ihrem Dashboard<\/a> gehen, um diese Seite zu l\u00f6schen und neue Seiten f\u00fcr Ihre Inhalte hinzuzuf\u00fcgen. Viel Vergn\u00fcgen!<\/p>\n","protected":false},"excerpt":{"rendered":"<p>Dies ist eine Beispielseite. Sie unterscheidet sich von einem Blogbeitrag,  [&#8230;]<\/p>\n","protected":false},"author":1,"featured_media":0,"parent":0,"menu_order":0,"comment_status":"closed","ping_status":"closed","template":"","meta":{"footnotes":""},"class_list":["post-1313","page","type-page","status-publish","hentry"],"_links":{"self":[{"href":"https:\/\/teamassetplanner.com\/de\/wp-json\/wp\/v2\/pages\/1313","targetHints":{"allow":["GET"]}}],"collection":[{"href":"https:\/\/teamassetplanner.com\/de\/wp-json\/wp\/v2\/pages"}],"about":[{"href":"https:\/\/teamassetplanner.com\/de\/wp-json\/wp\/v2\/types\/page"}],"author":[{"embeddable":true,"href":"https:\/\/teamassetplanner.com\/de\/wp-json\/wp\/v2\/users\/1"}],"replies":[{"embeddable":true,"href":"https:\/\/teamassetplanner.com\/de\/wp-json\/wp\/v2\/comments?post=1313"}],"version-history":[{"count":1,"href":"https:\/\/teamassetplanner.com\/de\/wp-json\/wp\/v2\/pages\/1313\/revisions"}],"predecessor-version":[{"id":1314,"href":"https:\/\/teamassetplanner.com\/de\/wp-json\/wp\/v2\/pages\/1313\/revisions\/1314"}],"wp:attachment":[{"href":"https:\/\/teamassetplanner.com\/de\/wp-json\/wp\/v2\/media?parent=1313"}],"curies":[{"name":"wp","href":"https:\/\/api.w.org\/{rel}","templated":true}]}}